{"id":9119,"date":"2022-03-21T08:36:45","date_gmt":"2022-03-21T08:36:45","guid":{"rendered":"https:\/\/ferrerysaret.com\/legal-notice\/"},"modified":"2022-03-21T08:36:45","modified_gmt":"2022-03-21T08:36:45","slug":"legal-notice","status":"publish","type":"page","link":"https:\/\/ferrerysaret.com\/en\/legal-notice\/","title":{"rendered":"Legal notice"},"content":{"rendered":"<h1>Aviso legal<\/h1>\n<p>&nbsp;<\/p>\n<p class=\"text-left\">La presente informaci\u00f3n, normas y condiciones (conjunto denominado como Aviso Legal) tienen por objeto regular, en lo que sea aplicable, el uso del\/de los sitio\/s web que FERRER Y SARET VIAJES, S.L., pone a disposici\u00f3n del p\u00fablico para as\u00ed cumplir con las obligaciones legales al respecto.<\/p>\n<div>\n<div class=\"min_tit\">\n<p>ACERCA DE FERRER Y SARET VIAJES, S.L.<\/p>\n<p>&nbsp;<\/p>\n<\/div>\n<div>\n<p><b>SITIOS WEB Y DOMINIOS<\/b><\/p>\n<p>FERRER Y SARET VIAJES, S.L. opera en la red, para ofrecer sus servicios, con los siguientes dominios.<\/p>\n<ul>\n<li><b>www.ferrerysaret.com<\/b><\/li>\n<li><b>viajes.ferrerysaret.com<\/b><\/li>\n<li><b>mice.ferrerysaret.com<\/b><\/li>\n<\/ul>\n<p>considerando www.ferrerysaret.com como dominio principal.<\/p>\n<p><b><u>MUY IMPORTANTE<\/u><\/b>\u00a0Algunos servicios ofrecidos en el\/los sitio\/s de FERRER Y SARET VIAJES, S.L., accesibles para los usuarios de Internet, pueden estar sometidos a condiciones particulares e instrucciones que, en su caso, sustituyen, completan y\/\u00f3 modifican el presente Aviso Legal y que deber\u00e1n ser aceptadas por el Usuario antes de iniciarse la prestaci\u00f3n del servicio correspondiente. Esto es de aplicaci\u00f3n, particularmente, en los casos en que se efect\u00faen reservas o contraten servicios o productos, en cuyo caso deber\u00e1 aplicarse el contenido de las condiciones generales de contrataci\u00f3n de viajes (identificadas como\u00a0<b>CONDICIONES GENERALES DE CONTRATACI\u00d3N<\/b> en las p\u00e1ginas correspondientes).<\/p>\n<p>&nbsp;<\/p>\n<\/div>\n<div>\n<p><b>OBJETO Y FUNCIONALIDAD DE LOS SITIOS DE FERRER Y SARET VIAJES, S.L.<\/b><\/p>\n<p>La actividad de FERRER Y SARET VIAJES, S.L. es la de, agencia de viajes, siendo el objeto de nuestro\/s sitio\/s web el de ofrecer nuestros servicios a trav\u00e9s de internet para recibir informaci\u00f3n y oferta de viajes, atenci\u00f3n al cliente, venta, etc.<\/p>\n<p>FERRER Y SARET VIAJES, S.L. se reserva el derecho de modificar en cualquier momento las presentes condiciones de uso, as\u00ed como cualesquiera otras condiciones particulares.<\/p>\n<p>FERRER Y SARET VIAJES, S.L. hace todos los esfuerzos necesarios dentro de sus medios para ofrecer la informaci\u00f3n contenida en sus sitios web de forma veraz y sin errores tipogr\u00e1ficos. En el caso que en alg\u00fan momento se produjera alg\u00fan error de este tipo, ajeno en todo momento a la voluntad de FERRER Y SARET VIAJES, S.L., se proceder\u00eda a su correcci\u00f3n inmediatamente despu\u00e9s de su conocimiento, no pudiendo aceptar ning\u00fan tipo de responsabilidad derivada de los perjuicios que pudieran derivarse de los errores u omisiones de la informaci\u00f3n contenida en los sitios.<\/p>\n<p>Si cualquier cl\u00e1usula incluida en estas condiciones generales fuese declarada, total o parcialmente, nula o ineficaz, tal nulidad o ineficacia afectar\u00e1 tan s\u00f3lo a dicha disposici\u00f3n o a la parte de la misma que resulte nula o ineficaz, subsistiendo las condiciones generales en todo lo dem\u00e1s, teni\u00e9ndose tal disposici\u00f3n, o la parte de la misma que resultase afectada, por no puesta.<\/p>\n<p>&nbsp;<\/p>\n<\/div>\n<div>\n<p><b>INFORMACI\u00d3N GENERAL (DATOS IDENTIFICATIVOS Y DE CONTACTO)<\/b><\/p>\n<p>En cumplimiento con el art. 10 de la Ley 34\/2002, de 11 de julio, de servicios de la sociedad de la informaci\u00f3n y del comercio electr\u00f3nico, le informamos que FERRER Y SARET VIAJES, S.L., Par\u00eds, 207, 08008, Barcelona con NIF B-08749780, est\u00e1 inscrita en el Registro Mercantil de Barcelona, en la Hoja 53877 Folio III Tomo 4825 Libro 4145 Secci\u00f3n II Inscripci\u00f3n 1\u00aa.<\/p>\n<p>El titular de este sitio web es FERRER Y SARET VIAJES, S.L., registrado en la Generalitat de Catalunya con el c\u00f3digo 118.<\/p>\n<p>Pueden contactar con nosotros, adem\u00e1s de estar a su disposici\u00f3n en nuestras oficinas, usando los siguientes medios:<\/p>\n<ul>\n<li><b>Por correo electr\u00f3nico a trav\u00e9s de la direcci\u00f3n <a href=\"mailto:welcome@ferrerysaret.es\">welcome@ferrerysaret.es<\/a><\/b><\/li>\n<li><b>Por tel\u00e9fono al n\u00famero de atenci\u00f3n al cliente <a href=\"+34932178300\">+34 932 178 300<\/a><\/b><\/li>\n<\/ul>\n<\/div>\n<\/div>\n<div>\n<div class=\"min_tit\">\n<p>&nbsp;<\/p>\n<p><strong>SOBRE LOS USUARIOS<\/strong><\/p>\n<\/div>\n<p class=\"text-left\">El acceso y\/o uso del\/de los sitio\/s de FERRER Y SARET VIAJES, S.L. por parte de una persona atribuye la condici\u00f3n de USUARIO a esa persona. El USUARIO acepta, para el uso y acceso del\/de los distintos sitios\/s de FERRER Y SARET VIAJES, S.L., las\u00a0<b>Condiciones Generales de Uso del\/de los sitio\/s<\/b>\u00a0FERRER Y SARET VIAJES, S.L. presentadas a continuaci\u00f3n. El Usuario del\/de los sitio\/s FERRER Y SARET VIAJES, S.L. debe leer atentamente el presente Aviso Legal en cada una de las ocasiones en que se proponga usarlos, ya que \u00e9stos y las condiciones de uso recogidas en el presente Aviso Legal pueden haber sufrido modificaciones.<\/p>\n<div>\n<p>&nbsp;<\/p>\n<p><b>CONDICIONES DE USO DEL\/DE LOS SITIO\/S DE FERRER Y SARET VIAJES, S.L.<\/b><\/p>\n<p>El\/Los sitio\/s de FERRER Y SARET VIAJES, S.L. ofrecen acceso a diversos contenidos (servicios, informaciones, datos, etc.). El USUARIO asume la responsabilidad del uso por su parte del\/de los sitio\/s FERRER Y SARET VIAJES, S.L. Por ello es responsabilidad, compromiso y obligaci\u00f3n del usuario hacer un uso adecuado de los contenidos y servicios que FERRER Y SARET VIAJES, S.L. ofrece a trav\u00e9s del\/de los sitio\/s de FERRER Y SARET VIAJES, S.L. Especialmente el USUARIO se compromete a no emplearlos en acciones que puedan:<\/p>\n<ul>\n<li><b>Incurrir en actividades il\u00edcitas o ilegales seg\u00fan el ordenamiento jur\u00eddico europeo y espa\u00f1ol.<\/b><\/li>\n<li><b>Vulnerar la legislaci\u00f3n espa\u00f1ola e internacional en materia de propiedad intelectual e industrial.<\/b><\/li>\n<li><b>Difundir contenidos o propaganda de car\u00e1cter racista, xen\u00f3fobo, pornogr\u00e1fico-ilegal, de apolog\u00eda del terrorismo o atentatorio contra los derechos humanos.<\/b><\/li>\n<li><b>Provocar da\u00f1os en los sistemas inform\u00e1ticos de FERRER Y SARET VIAJES, S.L. de sus proveedores o de terceras personas.<\/b><\/li>\n<li><b>Introducir o difundir en la red software malicioso, virus inform\u00e1ticos o cualesquiera otros sistemas f\u00edsicos o l\u00f3gicos que sean susceptibles de provocar los da\u00f1os mencionados en el punto anterior.<\/b><\/li>\n<li><b>Intentar acceder \u00f3, en su caso, utilizar las cuentas de otros usuarios y modificar o manipular sus datos.<\/b><\/li>\n<\/ul>\n<\/div>\n<div>\n<p>&nbsp;<\/p>\n<p><b>EDAD DE LOS USUARIOS<\/b><\/p>\n<p>El\/Los sitio\/s de FERRER Y SARET VIAJES, S.L. no tienen contenidos ofensivos o inadecuados para menores de edad. No obstante, no se permite el uso a menores de 14 a\u00f1os, siendo recomendable que, en su caso, el uso se haga tutelado por alg\u00fan responsable legal o mayor de edad. En ning\u00fan caso los menores de 14 a\u00f1os deben suministrar a FERRER Y SARET VIAJES, S.L. datos de car\u00e1cter personal, propios o de familiares.<\/p>\n<p>Para respetar la legislaci\u00f3n vigente FERRER Y SARET VIAJES, S.L. proh\u00edbe la contrataci\u00f3n o reserva de productos y\/o servicios a menores de 18 a\u00f1os o incapacitados legales.<\/p>\n<\/div>\n<\/div>\n<div>\n<div class=\"min_tit\">\n<p>&nbsp;<\/p>\n<p><strong>RESPONSABILIDADES<\/strong><\/p>\n<\/div>\n<div>\n<p><b>RESPONSABILIDADES DEL USUARIO Y DE FERRER Y SARET VIAJES, S.L.<\/b><\/p>\n<p>El USUARIO es el \u00fanico responsable de las infracciones en las que pueda incurrir o de los perjuicios que pueda causar por la utilizaci\u00f3n inadecuada del\/de los sitio\/s FERRER Y SARET VIAJES, S.L., quedando FERRER Y SARET VIAJES, S.L. exonerada de cualquier clase de responsabilidad que se pudiera derivar por las acciones del USUARIO.<\/p>\n<p>&nbsp;<\/p>\n<\/div>\n<div>\n<p><b>REGISTRO DE USUARIOS<\/b><\/p>\n<p>Para acceder a determinados servicios se precisa la condici\u00f3n de USUARIO REGISTRADO. Es responsabilidad del USUARIO la custodia de la contrase\u00f1a usada para evitar la usurpaci\u00f3n de su identidad en los sitios FERRER Y SARET VIAJES, S.L. a los que tuviera acceso por su condici\u00f3n de usuario registrado.<\/p>\n<p>As\u00ed mismo el usuario declara que toda la informaci\u00f3n de car\u00e1cter personal suministrada por \u00e9l para el acceso al\/los sitio\/s de FERRER Y SARET VIAJES, S.L. y durante de la utilizaci\u00f3n del mismo, es verdadera, completa y precisa y se compromete a mantenerla actualizada en los sucesivos usos que pueda hacer de los servicios ofrecidos.<\/p>\n<p>El env\u00edo y la remisi\u00f3n de datos que se realice por el usuario a trav\u00e9s del sitio web de FERRER Y SARET VIAJES, S.L. o la informaci\u00f3n que \u00e9sta remita, se encuentra protegida por las m\u00e1s modernas t\u00e9cnicas de seguridad electr\u00f3nica en la red. Asimismo, los datos suministrados y almacenados en nuestras bases de datos se encuentran igualmente protegidos por sistemas de seguridad que impiden el acceso de terceros no autorizados a los mismos. FERRER Y SARET VIAJES, S.L. realiza sus mejores esfuerzos para disponer de los sistemas m\u00e1s actualizados para la eficacia de estos sistemas de seguridad.<\/p>\n<\/div>\n<\/div>\n<div>\n<div class=\"min_tit\">\n<p>&nbsp;<\/p>\n<p><strong>PROPIEDAD INTELECTUAL SOBRE LOS CONTENIDOS DEL SITIO WEB<\/strong><\/p>\n<\/div>\n<div>\n<p>Todos los elementos que forman el sitio Web, as\u00ed como su estructura, dise\u00f1o y c\u00f3digo fuente de la misma, son titularidad de FERRER Y SARET VIAJES, S.L. y est\u00e1n protegidos por la normativa de propiedad intelectual e industrial.<\/p>\n<p>Se proh\u00edbe la reproducci\u00f3n total o parcial de los contenidos de este sitio Web, as\u00ed como su modificaci\u00f3n y\/o distribuci\u00f3n sin citar su origen o solicitar previamente autorizaci\u00f3n.<\/p>\n<p>FERRER Y SARET VIAJES, S.L. no asumir\u00e1 ninguna responsabilidad derivada del uso por terceros del contenido del sitio Web y podr\u00e1 ejercitar todas las acciones civiles o penales que le correspondan en caso de infracci\u00f3n de estos derechos por parte del usuario.<\/p>\n<\/div>\n<\/div>\n<div>\n<div class=\"min_tit\">\n<p>&nbsp;<\/p>\n<p><strong>ENLACES <small>(LINKS)<\/small><\/strong><\/p>\n<\/div>\n<div>\n<p>Esta Web incluye enlaces que permiten al Usuario acceder a otras p\u00e1ginas de Internet externas al\/los sitio\/s de FERRER Y SARET VIAJES, S.L. En caso de que el USUARIO use estos enlaces, FERRER Y SARET VIAJES, S.L. le informa que no ejerce ning\u00fan tipo de control sobre dichos sitios, sus contenidos y la posibilidad de que recopilen informaci\u00f3n de sus actividades en Internet, incluidas las realizadas en nuestro propio sitio.<\/p>\n<p>En ning\u00fan caso FERRER Y SARET VIAJES, S.L. asumir\u00e1 responsabilidad alguna por los contenidos de alg\u00fan enlace perteneciente a un sitio web ajeno, ni garantizar\u00e1 la disponibilidad t\u00e9cnica, calidad, fiabilidad, exactitud, amplitud, veracidad, validez y legalidad de cualquier material o informaci\u00f3n contenida en ninguno de dichos hiperv\u00ednculos u otros sitios de Internet.<\/p>\n<p>Si cualquier usuario tiene conocimiento de que los enlaces remiten a p\u00e1ginas cuyos contenidos o servicios son il\u00edcitos, nocivos, denigrantes, violentos o inmorales le agradeceremos que contacte con FERRER Y SARET VIAJES, S.L. indic\u00e1ndolo para, as\u00ed, proceder a eliminar dicho enlace.<\/p>\n<p>Toda actividad efectuada en los sitios que no son titularidad de FERRER Y SARET VIAJES, S.L. est\u00e1 regulada por sus propias normas y condiciones, por lo que recomendamos que, antes de su uso, los usuarios se informen sobre ello en los apartados de aviso legal, o similares, en los sitios fuera del control directo de FERRER Y SARET VIAJES, S.L.<\/p>\n<\/div>\n<\/div>\n","protected":false},"excerpt":{"rendered":"<p>Aviso legal &nbsp; La presente informaci\u00f3n, normas y condiciones (conjunto denominado como Aviso Legal) tienen por objeto regular, en lo que sea aplicable, el uso del\/de los sitio\/s web que&#8230;<\/p>\n","protected":false},"author":1,"featured_media":0,"parent":0,"menu_order":0,"comment_status":"closed","ping_status":"closed","template":"","meta":{"_acf_changed":false,"footnotes":""},"class_list":["post-9119","page","type-page","status-publish"],"acf":[],"yoast_head":"<!-- This site is optimized with the Yoast SEO plugin v27.3 - https:\/\/yoast.com\/product\/yoast-seo-wordpress\/ -->\n<title>Aviso Legal | Ferrer &amp; Saret | Web Oficial<\/title>\n<meta name=\"description\" content=\"Aviso legal de la p\u00e1gina de Ferrer &amp; Saret junto a todos los temas legales de la web.\" \/>\n<meta name=\"robots\" content=\"index, follow, max-snippet:-1, max-image-preview:large, max-video-preview:-1\" \/>\n<link rel=\"canonical\" href=\"https:\/\/ferrerysaret.com\/en\/legal-notice\/\" \/>\n<meta property=\"og:locale\" content=\"en_US\" \/>\n<meta property=\"og:type\" content=\"article\" \/>\n<meta property=\"og:title\" content=\"Aviso Legal | Ferrer &amp; Saret | Web Oficial\" \/>\n<meta property=\"og:description\" content=\"Aviso legal de la p\u00e1gina de Ferrer &amp; Saret junto a todos los temas legales de la web.\" \/>\n<meta property=\"og:url\" content=\"https:\/\/ferrerysaret.com\/en\/legal-notice\/\" \/>\n<meta property=\"og:site_name\" content=\"Ferrer y Saret\" \/>\n<meta property=\"og:image\" content=\"https:\/\/ferrerysaret.com\/wp-content\/uploads\/2023\/11\/Alula-Ferrer-y-Saret.jpg\" \/>\n\t<meta property=\"og:image:width\" content=\"1920\" \/>\n\t<meta property=\"og:image:height\" content=\"1080\" \/>\n\t<meta property=\"og:image:type\" content=\"image\/jpeg\" \/>\n<meta name=\"twitter:card\" content=\"summary_large_image\" \/>\n<meta name=\"twitter:label1\" content=\"Est. reading time\" \/>\n\t<meta name=\"twitter:data1\" content=\"9 minutes\" \/>\n<script type=\"application\/ld+json\" class=\"yoast-schema-graph\">{\"@context\":\"https:\\\/\\\/schema.org\",\"@graph\":[{\"@type\":\"WebPage\",\"@id\":\"https:\\\/\\\/ferrerysaret.com\\\/en\\\/legal-notice\\\/\",\"url\":\"https:\\\/\\\/ferrerysaret.com\\\/en\\\/legal-notice\\\/\",\"name\":\"Aviso Legal | Ferrer & Saret | Web Oficial\",\"isPartOf\":{\"@id\":\"https:\\\/\\\/ferrerysaret.com\\\/en\\\/#website\"},\"datePublished\":\"2022-03-21T08:36:45+00:00\",\"description\":\"Aviso legal de la p\u00e1gina de Ferrer & Saret junto a todos los temas legales de la web.\",\"breadcrumb\":{\"@id\":\"https:\\\/\\\/ferrerysaret.com\\\/en\\\/legal-notice\\\/#breadcrumb\"},\"inLanguage\":\"en-US\",\"potentialAction\":[{\"@type\":\"ReadAction\",\"target\":[\"https:\\\/\\\/ferrerysaret.com\\\/en\\\/legal-notice\\\/\"]}]},{\"@type\":\"BreadcrumbList\",\"@id\":\"https:\\\/\\\/ferrerysaret.com\\\/en\\\/legal-notice\\\/#breadcrumb\",\"itemListElement\":[{\"@type\":\"ListItem\",\"position\":1,\"name\":\"Portada\",\"item\":\"https:\\\/\\\/ferrerysaret.com\\\/en\\\/\"},{\"@type\":\"ListItem\",\"position\":2,\"name\":\"Legal notice\"}]},{\"@type\":\"WebSite\",\"@id\":\"https:\\\/\\\/ferrerysaret.com\\\/en\\\/#website\",\"url\":\"https:\\\/\\\/ferrerysaret.com\\\/en\\\/\",\"name\":\"Ferrer y Saret\",\"description\":\"The art of travel\",\"publisher\":{\"@id\":\"https:\\\/\\\/ferrerysaret.com\\\/en\\\/#organization\"},\"potentialAction\":[{\"@type\":\"SearchAction\",\"target\":{\"@type\":\"EntryPoint\",\"urlTemplate\":\"https:\\\/\\\/ferrerysaret.com\\\/en\\\/?s={search_term_string}\"},\"query-input\":{\"@type\":\"PropertyValueSpecification\",\"valueRequired\":true,\"valueName\":\"search_term_string\"}}],\"inLanguage\":\"en-US\"},{\"@type\":\"Organization\",\"@id\":\"https:\\\/\\\/ferrerysaret.com\\\/en\\\/#organization\",\"name\":\"Ferrer y Saret\",\"url\":\"https:\\\/\\\/ferrerysaret.com\\\/en\\\/\",\"logo\":{\"@type\":\"ImageObject\",\"inLanguage\":\"en-US\",\"@id\":\"https:\\\/\\\/ferrerysaret.com\\\/en\\\/#\\\/schema\\\/logo\\\/image\\\/\",\"url\":\"https:\\\/\\\/ferrerysaret.com\\\/wp-content\\\/uploads\\\/2023\\\/11\\\/cropped-Captura-de-Pantalla-2023-11-02-a-las-11.00.54.png\",\"contentUrl\":\"https:\\\/\\\/ferrerysaret.com\\\/wp-content\\\/uploads\\\/2023\\\/11\\\/cropped-Captura-de-Pantalla-2023-11-02-a-las-11.00.54.png\",\"width\":512,\"height\":512,\"caption\":\"Ferrer y Saret\"},\"image\":{\"@id\":\"https:\\\/\\\/ferrerysaret.com\\\/en\\\/#\\\/schema\\\/logo\\\/image\\\/\"}}]}<\/script>\n<!-- \/ Yoast SEO plugin. -->","yoast_head_json":{"title":"Aviso Legal | Ferrer & Saret | Web Oficial","description":"Aviso legal de la p\u00e1gina de Ferrer & Saret junto a todos los temas legales de la web.","robots":{"index":"index","follow":"follow","max-snippet":"max-snippet:-1","max-image-preview":"max-image-preview:large","max-video-preview":"max-video-preview:-1"},"canonical":"https:\/\/ferrerysaret.com\/en\/legal-notice\/","og_locale":"en_US","og_type":"article","og_title":"Aviso Legal | Ferrer & Saret | Web Oficial","og_description":"Aviso legal de la p\u00e1gina de Ferrer & Saret junto a todos los temas legales de la web.","og_url":"https:\/\/ferrerysaret.com\/en\/legal-notice\/","og_site_name":"Ferrer y Saret","og_image":[{"width":1920,"height":1080,"url":"https:\/\/ferrerysaret.com\/wp-content\/uploads\/2023\/11\/Alula-Ferrer-y-Saret.jpg","type":"image\/jpeg"}],"twitter_card":"summary_large_image","twitter_misc":{"Est. reading time":"9 minutes"},"schema":{"@context":"https:\/\/schema.org","@graph":[{"@type":"WebPage","@id":"https:\/\/ferrerysaret.com\/en\/legal-notice\/","url":"https:\/\/ferrerysaret.com\/en\/legal-notice\/","name":"Aviso Legal | Ferrer & Saret | Web Oficial","isPartOf":{"@id":"https:\/\/ferrerysaret.com\/en\/#website"},"datePublished":"2022-03-21T08:36:45+00:00","description":"Aviso legal de la p\u00e1gina de Ferrer & Saret junto a todos los temas legales de la web.","breadcrumb":{"@id":"https:\/\/ferrerysaret.com\/en\/legal-notice\/#breadcrumb"},"inLanguage":"en-US","potentialAction":[{"@type":"ReadAction","target":["https:\/\/ferrerysaret.com\/en\/legal-notice\/"]}]},{"@type":"BreadcrumbList","@id":"https:\/\/ferrerysaret.com\/en\/legal-notice\/#breadcrumb","itemListElement":[{"@type":"ListItem","position":1,"name":"Portada","item":"https:\/\/ferrerysaret.com\/en\/"},{"@type":"ListItem","position":2,"name":"Legal notice"}]},{"@type":"WebSite","@id":"https:\/\/ferrerysaret.com\/en\/#website","url":"https:\/\/ferrerysaret.com\/en\/","name":"Ferrer y Saret","description":"The art of travel","publisher":{"@id":"https:\/\/ferrerysaret.com\/en\/#organization"},"potentialAction":[{"@type":"SearchAction","target":{"@type":"EntryPoint","urlTemplate":"https:\/\/ferrerysaret.com\/en\/?s={search_term_string}"},"query-input":{"@type":"PropertyValueSpecification","valueRequired":true,"valueName":"search_term_string"}}],"inLanguage":"en-US"},{"@type":"Organization","@id":"https:\/\/ferrerysaret.com\/en\/#organization","name":"Ferrer y Saret","url":"https:\/\/ferrerysaret.com\/en\/","logo":{"@type":"ImageObject","inLanguage":"en-US","@id":"https:\/\/ferrerysaret.com\/en\/#\/schema\/logo\/image\/","url":"https:\/\/ferrerysaret.com\/wp-content\/uploads\/2023\/11\/cropped-Captura-de-Pantalla-2023-11-02-a-las-11.00.54.png","contentUrl":"https:\/\/ferrerysaret.com\/wp-content\/uploads\/2023\/11\/cropped-Captura-de-Pantalla-2023-11-02-a-las-11.00.54.png","width":512,"height":512,"caption":"Ferrer y Saret"},"image":{"@id":"https:\/\/ferrerysaret.com\/en\/#\/schema\/logo\/image\/"}}]}},"_links":{"self":[{"href":"https:\/\/ferrerysaret.com\/en\/wp-json\/wp\/v2\/pages\/9119","targetHints":{"allow":["GET"]}}],"collection":[{"href":"https:\/\/ferrerysaret.com\/en\/wp-json\/wp\/v2\/pages"}],"about":[{"href":"https:\/\/ferrerysaret.com\/en\/wp-json\/wp\/v2\/types\/page"}],"author":[{"embeddable":true,"href":"https:\/\/ferrerysaret.com\/en\/wp-json\/wp\/v2\/users\/1"}],"replies":[{"embeddable":true,"href":"https:\/\/ferrerysaret.com\/en\/wp-json\/wp\/v2\/comments?post=9119"}],"version-history":[{"count":0,"href":"https:\/\/ferrerysaret.com\/en\/wp-json\/wp\/v2\/pages\/9119\/revisions"}],"wp:attachment":[{"href":"https:\/\/ferrerysaret.com\/en\/wp-json\/wp\/v2\/media?parent=9119"}],"curies":[{"name":"wp","href":"https:\/\/api.w.org\/{rel}","templated":true}]}}