{"id":9176,"date":"2022-04-26T07:56:32","date_gmt":"2022-04-26T07:56:32","guid":{"rendered":"https:\/\/ferrerysaret.com\/cookie-policy\/"},"modified":"2025-10-09T14:38:54","modified_gmt":"2025-10-09T14:38:54","slug":"cookie-policy","status":"publish","type":"page","link":"https:\/\/ferrerysaret.com\/en\/cookie-policy\/","title":{"rendered":"Cookie policy"},"content":{"rendered":"&#13;\n<div>&#13;\n<div>&#13;\n<h1 class=\"wp-block-heading\">Pol\u00edtica de cookies<\/h1>&#13;\n<p>\u00a0<\/p>&#13;\n<p><strong>TRATAMIENTO DE COOKIES<\/strong><\/p>&#13;\n<\/div>&#13;\n<div>&#13;\n<p>Este sitio WEB usa cookies propias y de terceros para mejorar su experiencia de navegaci\u00f3n, dependiendo de la configuraci\u00f3n de su navegador. En algunas p\u00e1ginas y opciones de los sitios FERRER Y SARET VIAJES, S.L. se usan cookies propias del navegador. Las cookies son procedimientos autom\u00e1ticos de recogida de informaci\u00f3n relativa a las preferencias determinadas por un Usuario durante su visita a una determinada p\u00e1gina web. Esta informaci\u00f3n se registra en peque\u00f1os archivos que son guardados en los equipos inform\u00e1ticos del usuario, nunca en los de FERRER Y SARET VIAJES, S.L.. Cada vez que el usuario vuelve a acceder al sitio web en cuesti\u00f3n, estos archivos se activan autom\u00e1ticamente de manera que se configura el sitio web con las preferencias se\u00f1aladas en anteriores visitas. Las cookies no pueden leer los archivos cookie creados por otros proveedores.<\/p>&#13;\n<p>\u00a0<\/p>&#13;\n<p><strong><i>\u00bfQU\u00c9 TIPOS DE COOKIES UTILIZAMOS?<\/i><\/strong><\/p>&#13;\n<p><b>SEG\u00daN EL PLAZO DE TIEMPO QUE PERMANECEN ACTIVAS LAS COOKIES PUEDEN SER:<\/b><\/p>&#13;\n<ul>&#13;\n<li>Cookies de sesi\u00f3n: dise\u00f1adas para recabar y almacenar datos mientras el usuario accede a una p\u00e1gina web. Se suelen emplear para almacenar informaci\u00f3n que s\u00f3lo interesa conservar para la prestaci\u00f3n del servicio solicitado por el usuario en una sola ocasi\u00f3n (por ejemplo, una lista de productos adquiridos).<\/li>&#13;\n<li>Cookies persistentes: Son un tipo de cookies por las que los datos siguen almacenados en el terminal y puede accederse a ellos y ser tratados durante un periodo definido. Tienen fecha de borrado. Se utilizan por ejemplo en el proceso de compra o registro para evitar tener que introducir nuestros datos constantemente.<\/li>&#13;\n<\/ul>&#13;\n<p><b>SEG\u00daN QUIEN SEA LA ENTIDAD QUE GESTIONE EL EQUIPO O DOMINIO DESDE DONDE SE ENV\u00cdAN LAS COOKIES Y TRATE LOS DATOS QUE SE OBTENGAN, PODEMOS DISTINGUIR:<\/b><\/p>&#13;\n<ul>&#13;\n<li>Cookies propias: Son aquellas que se env\u00edan al dispositivo del usuario y son gestionadas exclusivamente por nosotros para el mejor funcionamiento del sitio.<\/li>&#13;\n<li>Cookies de terceros: Son aquellas que se env\u00edan al dispositivo del usuario desde un equipo o dominio que no es gestionado por nosotros sino por otra entidad, que tratar\u00e1 los datos obtenidos.<\/li>&#13;\n<\/ul>&#13;\n<p><b>CUANDO NAVEGUE POR\u00a0<a href=\"https:\/\/ferrerysaret.com\/en\/\" target=\"_blank\" rel=\"noopener\">NUESTRA P\u00c1GINA WEB<\/a>\u00a0SE PUEDEN INSTALAR EN SU DISPOSITIVO LAS SIGUIENTES COOKIES:<\/b><\/p>&#13;\n<ul>&#13;\n<li>Cookies de registro: Cuando el usuario entra en nuestra web e inicia sesi\u00f3n se instala una cookie propia y temporal para que pueda navegar por su zona de usuario sin tener que introducir sus datos continuamente. Esta cookie desaparecer\u00e1 cuando cierre sesi\u00f3n.<\/li>&#13;\n<li>Cookies de an\u00e1lisis: Sirven para estudiar el comportamiento de los usuarios de forma an\u00f3nima al navegar por nuestra web. As\u00ed podremos conocer los contenidos m\u00e1s vistos, el n\u00famero de visitantes, etc. Una informaci\u00f3n que utilizaremos para mejorar la experiencia de navegaci\u00f3n y optimizar nuestros servicios. Pueden ser propias, pero tambi\u00e9n de terceros. Entre \u00e9stas \u00faltimas se encuentran las cookies de Google Analytics.<\/li>&#13;\n<\/ul>&#13;\n<p>\u00a0<\/p>&#13;\n<p><strong><i>DEFINICI\u00d3N DE LAS COOKIES QUE UTILIZAMOS<\/i><\/strong><\/p>&#13;\n<p><b>Cookies propias www.ferrerysaret.com<\/b><\/p>&#13;\n<table class=\"table table-condensed cookies_table\">&#13;\n<thead>&#13;\n<tr>&#13;\n<th width=\"180px\">NOMBRE DE LA COOKIE<\/th>&#13;\n<th>ORIGEN<\/th>&#13;\n<th>PROP\u00d3SITO DE LA COOKIE<\/th>&#13;\n<\/tr>&#13;\n<\/thead>&#13;\n<tbody>&#13;\n<tr>&#13;\n<td>PHPSESSID<\/td>&#13;\n<td>T\u00e9cnica<\/td>&#13;\n<td>Esta cookie permite almacenar un identificador \u00fanico por sesi\u00f3n a trav\u00e9s del que es posible vincular datos necesarios para posibilitar la navegaci\u00f3n por la web.<\/td>&#13;\n<\/tr>&#13;\n<tr>&#13;\n<td>cb_enabled<\/td>&#13;\n<td>Personalizaci\u00f3n<\/td>&#13;\n<td>Gestiona el consentimiento del usuario para el uso de las cookies en la p\u00e1gina web, con el objeto de recordar aquellos usuarios que las han aceptado y aquellos que no, de modo que a los primeros no se le muestre informaci\u00f3n al respecto.<\/td>&#13;\n<\/tr>&#13;\n<tr>&#13;\n<td>_ga, _gid<\/td>&#13;\n<td>Anal\u00edtica<\/td>&#13;\n<td>Es una cookie de google analytics que utiliza un identificador an\u00f3nimo para distinguir usuarios an\u00f3nimos. Esta cookie realiza an\u00e1lisis sobre las interacciones de los usuarios, con el fin de optimizar los servicios que ofrecen. Tiene una duraci\u00f3n de dos a\u00f1os.<\/td>&#13;\n<\/tr>&#13;\n<tr>&#13;\n<td>_atuvc, _atuvs<\/td>&#13;\n<td>Anal\u00edtica<\/td>&#13;\n<td>Sistema de compartici\u00f3n de p\u00e1ginas en redes sociales. Actualizan el contador y permiten compartir en Twitter.<\/td>&#13;\n<\/tr>&#13;\n<\/tbody>&#13;\n<\/table>&#13;\n<p><b>Cookies de terceros www.ferrerysaret.com<\/b><\/p>&#13;\n<table class=\"table table-condensed cookies_table\">&#13;\n<thead>&#13;\n<tr>&#13;\n<th width=\"180px\">NOMBRE DE LA COOKIE<\/th>&#13;\n<th>ORIGEN<\/th>&#13;\n<th>PROP\u00d3SITO DE LA COOKIE<\/th>&#13;\n<\/tr>&#13;\n<\/thead>&#13;\n<tbody>&#13;\n<tr>&#13;\n<td>_atcss<\/td>&#13;\n<td>Anal\u00edtica<\/td>&#13;\n<td>Sistema de compartici\u00f3n de p\u00e1ginas en redes sociales. Actualizan el contador y permiten compartir en Twitter.<\/td>&#13;\n<\/tr>&#13;\n<tr>&#13;\n<td>_ga<\/td>&#13;\n<td>Anal\u00edtica<\/td>&#13;\n<td>Es una cookie de google analytics que utiliza un identificador an\u00f3nimo para distinguir usuarios an\u00f3nimos. Esta cookie realiza an\u00e1lisis sobre las interacciones de los usuarios, con el fin de optimizar los servicios que ofrecen. Tiene una duraci\u00f3n de dos a\u00f1os.<\/td>&#13;\n<\/tr>&#13;\n<tr>&#13;\n<td>_gat, _gat_UA-*<\/td>&#13;\n<td>Anal\u00edtica<\/td>&#13;\n<td>Es una cookie de google analytics que se utiliza para diferenciar entre los diferentes objetos de seguimiento creados en la sesi\u00f3n. La cookie se actualiza cada vez que env\u00eda los datos a Google Analytics.<\/td>&#13;\n<\/tr>&#13;\n<tr>&#13;\n<td>_gid<\/td>&#13;\n<td>Anal\u00edtica<\/td>&#13;\n<td>Es una cookie de google analytics que se utiliza para distinguir a los usuarios. Tiene una duraci\u00f3n de 24 horas.<\/td>&#13;\n<\/tr>&#13;\n<tr>&#13;\n<td>1P_JAR, CONSENT, SIDCC<\/td>&#13;\n<td>Anal\u00edtica<\/td>&#13;\n<td>Esta cookie lleva a cabo informaci\u00f3n sobre c\u00f3mo el usuario final utiliza el sitio web y cualquier publicidad que el usuario final haya visto antes de visitar dicho sitio web.<\/td>&#13;\n<\/tr>&#13;\n<tr>&#13;\n<td>APISID<\/td>&#13;\n<td>Anal\u00edtica<\/td>&#13;\n<td>Esta cookie de DoubleClick generalmente se establece a trav\u00e9s del sitio por parte de socios publicitarios y es utilizada por ellos para crear un perfil de los intereses del visitante del sitio web y mostrar anuncios relevantes en otros sitios. Esta cookie funciona identificando de forma \u00fanica su navegador y dispositivo.<\/td>&#13;\n<\/tr>&#13;\n<tr>&#13;\n<td>HSID, NID<\/td>&#13;\n<td>Anal\u00edtica<\/td>&#13;\n<td>DoubleClick (que es propiedad de Google) establece esta cookie para crear un perfil de los intereses del visitante del sitio web y mostrar anuncios relevantes en otros sitios.<\/td>&#13;\n<\/tr>&#13;\n<tr>&#13;\n<td>SAPISID, SID<\/td>&#13;\n<td>Anal\u00edtica<\/td>&#13;\n<td>Este es un nombre de cookie muy com\u00fan, pero cuando se encuentra como una cookie de sesi\u00f3n, es probable que se use para la administraci\u00f3n del estado de la sesi\u00f3n.<\/td>&#13;\n<\/tr>&#13;\n<\/tbody>&#13;\n<\/table>&#13;\n<p><b>Own Cookies viajes.ferrerysaret.com<\/b><\/p>&#13;\n<table class=\"table table-condensed cookies_table\">&#13;\n<thead>&#13;\n<tr>&#13;\n<th width=\"180px\">NOMBRE DE LA COOKIE<\/th>&#13;\n<th>ORIGEN<\/th>&#13;\n<th>PROP\u00d3SITO DE LA COOKIE<\/th>&#13;\n<\/tr>&#13;\n<\/thead>&#13;\n<tbody>&#13;\n<tr>&#13;\n<td>et_bloom_optin_optin<\/td>&#13;\n<td>T\u00e9cnica<\/td>&#13;\n<td>Email opt-in form<\/td>&#13;\n<\/tr>&#13;\n<tr>&#13;\n<td>_icl_visitor_lang_js, wpml_browser_redirect_test<\/td>&#13;\n<td>Personalizaci\u00f3n<\/td>&#13;\n<td>Esta cookie almacena el idioma que haya escogido y permitir\u00e1 record\u00e1rselo al sistema la pr\u00f3xima vez que visite nuestra web.<\/td>&#13;\n<\/tr>&#13;\n<tr>&#13;\n<td>cookieconsent_dismissed<\/td>&#13;\n<td>Personalizaci\u00f3n<\/td>&#13;\n<td>Gestiona el consentimiento del usuario para el uso de las cookies en la p\u00e1gina web, con el objeto de recordar aquellos usuarios que las han aceptado y aquellos que no, de modo que a los primeros no se le muestre informaci\u00f3n al respecto.<\/td>&#13;\n<\/tr>&#13;\n<\/tbody>&#13;\n<\/table>&#13;\n<p><b>Third-party Cookies viajes.ferrerysaret.com<\/b><\/p>&#13;\n<table class=\"table table-condensed cookies_table\">&#13;\n<thead>&#13;\n<tr>&#13;\n<th width=\"180px\">NOMBRE DE LA COOKIE<\/th>&#13;\n<th>ORIGEN<\/th>&#13;\n<th>PROP\u00d3SITO DE LA COOKIE<\/th>&#13;\n<\/tr>&#13;\n<\/thead>&#13;\n<tbody>&#13;\n<tr>&#13;\n<td>_ga<\/td>&#13;\n<td>Anal\u00edtica<\/td>&#13;\n<td>Es una cookie de google analytics que utiliza un identificador an\u00f3nimo para distinguir usuarios an\u00f3nimos. Esta cookie realiza an\u00e1lisis sobre las interacciones de los usuarios, con el fin de optimizar los servicios que ofrecen. Tiene una duraci\u00f3n de dos a\u00f1os.<\/td>&#13;\n<\/tr>&#13;\n<tr>&#13;\n<td>_gat, _gat_UA-*<\/td>&#13;\n<td>Anal\u00edtica<\/td>&#13;\n<td>Es una cookie de google analytics que se utiliza para diferenciar entre los diferentes objetos de seguimiento creados en la sesi\u00f3n. La cookie se actualiza cada vez que env\u00eda los datos a Google Analytics.<\/td>&#13;\n<\/tr>&#13;\n<tr>&#13;\n<td>_gid<\/td>&#13;\n<td>Anal\u00edtica<\/td>&#13;\n<td>Es una cookie de google analytics que se utiliza para distinguir a los usuarios. Tiene una duraci\u00f3n de 24 horas.<\/td>&#13;\n<\/tr>&#13;\n<\/tbody>&#13;\n<\/table>&#13;\n<p><b>Own Cookies mice.ferrerysaret.com<\/b><\/p>&#13;\n<table class=\"table table-condensed cookies_table\">&#13;\n<thead>&#13;\n<tr>&#13;\n<th width=\"180px\">NOMBRE DE LA COOKIE<\/th>&#13;\n<th>ORIGEN<\/th>&#13;\n<th>PROP\u00d3SITO DE LA COOKIE<\/th>&#13;\n<\/tr>&#13;\n<\/thead>&#13;\n<tbody>&#13;\n<tr>&#13;\n<td>cookieconsent_dismissed<\/td>&#13;\n<td>Personalizaci\u00f3n<\/td>&#13;\n<td>Gestiona el consentimiento del usuario para el uso de las cookies en la p\u00e1gina web, con el objeto de recordar aquellos usuarios que las han aceptado y aquellos que no, de modo que a los primeros no se le muestre informaci\u00f3n al respecto.<\/td>&#13;\n<\/tr>&#13;\n<\/tbody>&#13;\n<\/table>&#13;\n<p><b>Third-party Cookies mice.ferrerysaret.com<\/b><\/p>&#13;\n<table class=\"table table-condensed cookies_table\">&#13;\n<thead>&#13;\n<tr>&#13;\n<th width=\"180px\">NOMBRE DE LA COOKIE<\/th>&#13;\n<th>ORIGEN<\/th>&#13;\n<th>PROP\u00d3SITO DE LA COOKIE<\/th>&#13;\n<\/tr>&#13;\n<\/thead>&#13;\n<tbody>&#13;\n<tr>&#13;\n<td>_ga<\/td>&#13;\n<td>Anal\u00edtica<\/td>&#13;\n<td>Es una cookie de google analytics que utiliza un identificador an\u00f3nimo para distinguir usuarios an\u00f3nimos. Esta cookie realiza an\u00e1lisis sobre las interacciones de los usuarios, con el fin de optimizar los servicios que ofrecen. Tiene una duraci\u00f3n de dos a\u00f1os.<\/td>&#13;\n<\/tr>&#13;\n<tr>&#13;\n<td>_gat, _gat_UA-*<\/td>&#13;\n<td>Anal\u00edtica<\/td>&#13;\n<td>Es una cookie de google analytics que se utiliza para diferenciar entre los diferentes objetos de seguimiento creados en la sesi\u00f3n. La cookie se actualiza cada vez que env\u00eda los datos a Google Analytics.<\/td>&#13;\n<\/tr>&#13;\n<tr>&#13;\n<td>_gid<\/td>&#13;\n<td>Anal\u00edtica<\/td>&#13;\n<td>Es una cookie de google analytics que se utiliza para distinguir a los usuarios. Tiene una duraci\u00f3n de 24 horas.<\/td>&#13;\n<\/tr>&#13;\n<\/tbody>&#13;\n<\/table>&#13;\n<p>\u00a0<\/p>&#13;\n<p><strong>ACTUALITZACI\u00d3N DE COOKIES<\/strong><\/p>&#13;\n<div>&#13;\n<p>Las cookies de este sitio web pueden ser actualizadas, por lo que recomendamos que revise nuestra pol\u00edtica de cookies de manera peri\u00f3dica.<\/p>&#13;\n<p>\u00a0<\/p>&#13;\n<p><strong>COMO GESTIONAR LAS COOKIES EN FUNCI\u00d3N DEL NAVEGADOR QUE UTILICE<\/strong><\/p>&#13;\n<p><b>IMPORTANTE.<\/b>\u00a0Puede Usted rechazar el tratamiento de los datos referidos\u00a0<b>rechazando el uso de cookies mediante la selecci\u00f3n de la configuraci\u00f3n apropiada de su navegador<\/b>, sin embargo, debe saber que si lo hace es posible que no pueda usar la plena funcionalidad de sitio.<\/p>&#13;\n<ul>&#13;\n<li><a href=\"https:\/\/support.google.com\/chrome\" target=\"_blank\" rel=\"noopener\">Google Chrome<\/a><\/li>&#13;\n<li><a href=\"https:\/\/support.microsoft.com\/es-es\/products\/microsoft-edge\" target=\"_blank\" rel=\"noopener\">Microsoft Internet Explorer or Edge<\/a><\/li>&#13;\n<li><a href=\"https:\/\/support.mozilla.org\/es\/products\/firefoxe\" target=\"_blank\" rel=\"noopener\">Mozilla Firefox<\/a><\/li>&#13;\n<li><a href=\"https:\/\/support.apple.com\/es-es\/safari\" target=\"_blank\" rel=\"noopener\">Apple Safari<\/a><\/li>&#13;\n<li><a href=\"http:\/\/help.opera.come\/\" target=\"_blank\" rel=\"noopener\">Opera<\/a><\/li>&#13;\n<\/ul>&#13;\n<\/div>&#13;\n<div>&#13;\n<div class=\"min_tit\">\u00a0<\/div>&#13;\n<\/div>&#13;\n<div>&#13;\n<p>\u00a0<\/p>&#13;\n<\/div>&#13;\n<\/div>&#13;\n<\/div>&#13;\n","protected":false},"excerpt":{"rendered":"<p>&#13; &#13; &#13; Pol\u00edtica de cookies &#13; \u00a0 &#13; TRATAMIENTO DE COOKIES &#13; &#13; &#13; Este sitio WEB usa cookies propias y de terceros para mejorar su experiencia de navegaci\u00f3n,&#8230;<\/p>\n","protected":false},"author":1,"featured_media":0,"parent":0,"menu_order":0,"comment_status":"closed","ping_status":"closed","template":"","meta":{"_acf_changed":false,"footnotes":""},"class_list":["post-9176","page","type-page","status-publish"],"acf":[],"yoast_head":"<!-- This site is optimized with the Yoast SEO plugin v27.3 - https:\/\/yoast.com\/product\/yoast-seo-wordpress\/ -->\n<title>Pol\u00edtica de Cookies | Ferrer &amp; Saret | Web Oficial<\/title>\n<meta name=\"description\" content=\"La pol\u00edtica de cookies de Ferrer &amp; Saret garantiza que la navegaci\u00f3n del usuario en nuestra p\u00e1gina web sea segura en todo momento.\" \/>\n<meta name=\"robots\" content=\"index, follow, max-snippet:-1, max-image-preview:large, max-video-preview:-1\" \/>\n<link rel=\"canonical\" href=\"https:\/\/ferrerysaret.com\/en\/cookie-policy\/\" \/>\n<meta property=\"og:locale\" content=\"en_US\" \/>\n<meta property=\"og:type\" content=\"article\" \/>\n<meta property=\"og:title\" content=\"Pol\u00edtica de Cookies | Ferrer &amp; Saret | Web Oficial\" \/>\n<meta property=\"og:description\" content=\"La pol\u00edtica de cookies de Ferrer &amp; Saret garantiza que la navegaci\u00f3n del usuario en nuestra p\u00e1gina web sea segura en todo momento.\" \/>\n<meta property=\"og:url\" content=\"https:\/\/ferrerysaret.com\/en\/cookie-policy\/\" \/>\n<meta property=\"og:site_name\" content=\"Ferrer y Saret\" \/>\n<meta property=\"article:modified_time\" content=\"2025-10-09T14:38:54+00:00\" \/>\n<meta property=\"og:image\" content=\"https:\/\/ferrerysaret.com\/wp-content\/uploads\/2023\/11\/Alula-Ferrer-y-Saret.jpg\" \/>\n\t<meta property=\"og:image:width\" content=\"1920\" \/>\n\t<meta property=\"og:image:height\" content=\"1080\" \/>\n\t<meta property=\"og:image:type\" content=\"image\/jpeg\" \/>\n<meta name=\"twitter:card\" content=\"summary_large_image\" \/>\n<meta name=\"twitter:label1\" content=\"Est. reading time\" \/>\n\t<meta name=\"twitter:data1\" content=\"8 minutes\" \/>\n<script type=\"application\/ld+json\" class=\"yoast-schema-graph\">{\"@context\":\"https:\\\/\\\/schema.org\",\"@graph\":[{\"@type\":\"WebPage\",\"@id\":\"https:\\\/\\\/ferrerysaret.com\\\/en\\\/cookie-policy\\\/\",\"url\":\"https:\\\/\\\/ferrerysaret.com\\\/en\\\/cookie-policy\\\/\",\"name\":\"Pol\u00edtica de Cookies | Ferrer & Saret | Web Oficial\",\"isPartOf\":{\"@id\":\"https:\\\/\\\/ferrerysaret.com\\\/en\\\/#website\"},\"datePublished\":\"2022-04-26T07:56:32+00:00\",\"dateModified\":\"2025-10-09T14:38:54+00:00\",\"description\":\"La pol\u00edtica de cookies de Ferrer & Saret garantiza que la navegaci\u00f3n del usuario en nuestra p\u00e1gina web sea segura en todo momento.\",\"breadcrumb\":{\"@id\":\"https:\\\/\\\/ferrerysaret.com\\\/en\\\/cookie-policy\\\/#breadcrumb\"},\"inLanguage\":\"en-US\",\"potentialAction\":[{\"@type\":\"ReadAction\",\"target\":[\"https:\\\/\\\/ferrerysaret.com\\\/en\\\/cookie-policy\\\/\"]}]},{\"@type\":\"BreadcrumbList\",\"@id\":\"https:\\\/\\\/ferrerysaret.com\\\/en\\\/cookie-policy\\\/#breadcrumb\",\"itemListElement\":[{\"@type\":\"ListItem\",\"position\":1,\"name\":\"Portada\",\"item\":\"https:\\\/\\\/ferrerysaret.com\\\/en\\\/\"},{\"@type\":\"ListItem\",\"position\":2,\"name\":\"Cookie policy\"}]},{\"@type\":\"WebSite\",\"@id\":\"https:\\\/\\\/ferrerysaret.com\\\/en\\\/#website\",\"url\":\"https:\\\/\\\/ferrerysaret.com\\\/en\\\/\",\"name\":\"Ferrer y Saret\",\"description\":\"The art of travel\",\"publisher\":{\"@id\":\"https:\\\/\\\/ferrerysaret.com\\\/en\\\/#organization\"},\"potentialAction\":[{\"@type\":\"SearchAction\",\"target\":{\"@type\":\"EntryPoint\",\"urlTemplate\":\"https:\\\/\\\/ferrerysaret.com\\\/en\\\/?s={search_term_string}\"},\"query-input\":{\"@type\":\"PropertyValueSpecification\",\"valueRequired\":true,\"valueName\":\"search_term_string\"}}],\"inLanguage\":\"en-US\"},{\"@type\":\"Organization\",\"@id\":\"https:\\\/\\\/ferrerysaret.com\\\/en\\\/#organization\",\"name\":\"Ferrer y Saret\",\"url\":\"https:\\\/\\\/ferrerysaret.com\\\/en\\\/\",\"logo\":{\"@type\":\"ImageObject\",\"inLanguage\":\"en-US\",\"@id\":\"https:\\\/\\\/ferrerysaret.com\\\/en\\\/#\\\/schema\\\/logo\\\/image\\\/\",\"url\":\"https:\\\/\\\/ferrerysaret.com\\\/wp-content\\\/uploads\\\/2023\\\/11\\\/cropped-Captura-de-Pantalla-2023-11-02-a-las-11.00.54.png\",\"contentUrl\":\"https:\\\/\\\/ferrerysaret.com\\\/wp-content\\\/uploads\\\/2023\\\/11\\\/cropped-Captura-de-Pantalla-2023-11-02-a-las-11.00.54.png\",\"width\":512,\"height\":512,\"caption\":\"Ferrer y Saret\"},\"image\":{\"@id\":\"https:\\\/\\\/ferrerysaret.com\\\/en\\\/#\\\/schema\\\/logo\\\/image\\\/\"}}]}<\/script>\n<!-- \/ Yoast SEO plugin. -->","yoast_head_json":{"title":"Pol\u00edtica de Cookies | Ferrer & Saret | Web Oficial","description":"La pol\u00edtica de cookies de Ferrer & Saret garantiza que la navegaci\u00f3n del usuario en nuestra p\u00e1gina web sea segura en todo momento.","robots":{"index":"index","follow":"follow","max-snippet":"max-snippet:-1","max-image-preview":"max-image-preview:large","max-video-preview":"max-video-preview:-1"},"canonical":"https:\/\/ferrerysaret.com\/en\/cookie-policy\/","og_locale":"en_US","og_type":"article","og_title":"Pol\u00edtica de Cookies | Ferrer & Saret | Web Oficial","og_description":"La pol\u00edtica de cookies de Ferrer & Saret garantiza que la navegaci\u00f3n del usuario en nuestra p\u00e1gina web sea segura en todo momento.","og_url":"https:\/\/ferrerysaret.com\/en\/cookie-policy\/","og_site_name":"Ferrer y Saret","article_modified_time":"2025-10-09T14:38:54+00:00","og_image":[{"width":1920,"height":1080,"url":"https:\/\/ferrerysaret.com\/wp-content\/uploads\/2023\/11\/Alula-Ferrer-y-Saret.jpg","type":"image\/jpeg"}],"twitter_card":"summary_large_image","twitter_misc":{"Est. reading time":"8 minutes"},"schema":{"@context":"https:\/\/schema.org","@graph":[{"@type":"WebPage","@id":"https:\/\/ferrerysaret.com\/en\/cookie-policy\/","url":"https:\/\/ferrerysaret.com\/en\/cookie-policy\/","name":"Pol\u00edtica de Cookies | Ferrer & Saret | Web Oficial","isPartOf":{"@id":"https:\/\/ferrerysaret.com\/en\/#website"},"datePublished":"2022-04-26T07:56:32+00:00","dateModified":"2025-10-09T14:38:54+00:00","description":"La pol\u00edtica de cookies de Ferrer & Saret garantiza que la navegaci\u00f3n del usuario en nuestra p\u00e1gina web sea segura en todo momento.","breadcrumb":{"@id":"https:\/\/ferrerysaret.com\/en\/cookie-policy\/#breadcrumb"},"inLanguage":"en-US","potentialAction":[{"@type":"ReadAction","target":["https:\/\/ferrerysaret.com\/en\/cookie-policy\/"]}]},{"@type":"BreadcrumbList","@id":"https:\/\/ferrerysaret.com\/en\/cookie-policy\/#breadcrumb","itemListElement":[{"@type":"ListItem","position":1,"name":"Portada","item":"https:\/\/ferrerysaret.com\/en\/"},{"@type":"ListItem","position":2,"name":"Cookie policy"}]},{"@type":"WebSite","@id":"https:\/\/ferrerysaret.com\/en\/#website","url":"https:\/\/ferrerysaret.com\/en\/","name":"Ferrer y Saret","description":"The art of travel","publisher":{"@id":"https:\/\/ferrerysaret.com\/en\/#organization"},"potentialAction":[{"@type":"SearchAction","target":{"@type":"EntryPoint","urlTemplate":"https:\/\/ferrerysaret.com\/en\/?s={search_term_string}"},"query-input":{"@type":"PropertyValueSpecification","valueRequired":true,"valueName":"search_term_string"}}],"inLanguage":"en-US"},{"@type":"Organization","@id":"https:\/\/ferrerysaret.com\/en\/#organization","name":"Ferrer y Saret","url":"https:\/\/ferrerysaret.com\/en\/","logo":{"@type":"ImageObject","inLanguage":"en-US","@id":"https:\/\/ferrerysaret.com\/en\/#\/schema\/logo\/image\/","url":"https:\/\/ferrerysaret.com\/wp-content\/uploads\/2023\/11\/cropped-Captura-de-Pantalla-2023-11-02-a-las-11.00.54.png","contentUrl":"https:\/\/ferrerysaret.com\/wp-content\/uploads\/2023\/11\/cropped-Captura-de-Pantalla-2023-11-02-a-las-11.00.54.png","width":512,"height":512,"caption":"Ferrer y Saret"},"image":{"@id":"https:\/\/ferrerysaret.com\/en\/#\/schema\/logo\/image\/"}}]}},"_links":{"self":[{"href":"https:\/\/ferrerysaret.com\/en\/wp-json\/wp\/v2\/pages\/9176","targetHints":{"allow":["GET"]}}],"collection":[{"href":"https:\/\/ferrerysaret.com\/en\/wp-json\/wp\/v2\/pages"}],"about":[{"href":"https:\/\/ferrerysaret.com\/en\/wp-json\/wp\/v2\/types\/page"}],"author":[{"embeddable":true,"href":"https:\/\/ferrerysaret.com\/en\/wp-json\/wp\/v2\/users\/1"}],"replies":[{"embeddable":true,"href":"https:\/\/ferrerysaret.com\/en\/wp-json\/wp\/v2\/comments?post=9176"}],"version-history":[{"count":1,"href":"https:\/\/ferrerysaret.com\/en\/wp-json\/wp\/v2\/pages\/9176\/revisions"}],"predecessor-version":[{"id":9177,"href":"https:\/\/ferrerysaret.com\/en\/wp-json\/wp\/v2\/pages\/9176\/revisions\/9177"}],"wp:attachment":[{"href":"https:\/\/ferrerysaret.com\/en\/wp-json\/wp\/v2\/media?parent=9176"}],"curies":[{"name":"wp","href":"https:\/\/api.w.org\/{rel}","templated":true}]}}