{"id":9193,"date":"2022-01-10T16:53:32","date_gmt":"2022-01-10T16:53:32","guid":{"rendered":"https:\/\/ferrerysaret.com\/privacy-policy\/"},"modified":"2025-10-09T14:42:39","modified_gmt":"2025-10-09T14:42:39","slug":"privacy-policy","status":"publish","type":"page","link":"https:\/\/ferrerysaret.com\/en\/privacy-policy\/","title":{"rendered":"Privacy policy"},"content":{"rendered":"\r\n<div>\r\n<div>\r\n<p>&#13;\n<h1 class=\"wp-block-heading\">Pol\u00edtica de privacidad<\/h1>&#13;\n<p>\u00a0<\/p>&#13;\n<p class=\"text-left\"><b>IMPORTANTE:<\/b>\u00a0le invitamos a que lea detenidamente esta Declaraci\u00f3n de Privacidad para conocer por qu\u00e9 recopilamos sus datos personales y c\u00f3mo son procesados dichos datos por FERRER Y SARET VIAJES, S.L., Par\u00eds, 207, 08008, Barcelona.<\/p>&#13;\n<p class=\"text-left\">Esta pol\u00edtica est\u00e1 sujeta a cambios por lo que es conveniente consultarla cada vez que Ud decida visitarnos.<\/p>&#13;\n<p>\u00a0<\/p>&#13;\n<div>&#13;\n<div class=\"min_tit\">&#13;\n<p><strong>\u00c1MBITO<\/strong><\/p>&#13;\n<\/div>&#13;\n<div>&#13;\n<p>Esta declaraci\u00f3n de privacidad en l\u00ednea de FERRER Y SARET VIAJES, S.L., es p\u00fablica y accesible a todos los usuarios y clientes de FERRER Y SARET VIAJES, S.L., y se aplica a todos los sitios web de FERRER Y SARET VIAJES, S.L. siendo www.ferrerysaret.com el sitio o dominio principal. Tambi\u00e9n se aplica a aquellos documentos o mensajes emitidos por FERRER Y SARET VIAJES, S.L. que enlazan a esta pol\u00edtica o declaraci\u00f3n de privacidad o, en su caso, indican que se acceda a ella para que Ud. conozca el uso que hace FERRER Y SARET VIAJES, S.L. de sus datos personales.<\/p>&#13;\n<p>A continuaci\u00f3n, le informamos de manera general sobre los usos de su informaci\u00f3n personal. Posteriormente se detallan dichos usos y tratamientos.<\/p>&#13;\n<p>\u00a0<\/p>&#13;\n<div>&#13;\n<div class=\"min_tit\">&#13;\n<p><strong>INFORMACI\u00d3N PERSONAL QUE RECOGEMOS<\/strong><\/p>&#13;\n<\/div>&#13;\n<div>&#13;\n<p>Informaci\u00f3n sobre el uso de datos de car\u00e1cter personal, seg\u00fan lo dispuesto en el Reglamento (UE) 2016\/679 del Parlamento Europeo y del Consejo de 27 de abril de 2016 relativo a la protecci\u00f3n de las personas f\u00edsicas, en lo que respecta al tratamiento de datos personales y a la libre circulaci\u00f3n de estos datos (RGPD) y la Ley Org\u00e1nica 3\/2018, de 5 de diciembre, de Protecci\u00f3n de Datos Personales y Garant\u00eda de los Derechos Digitales, que adapta el Reglamento al ordenamiento jur\u00eddico espa\u00f1ol y completa y desarrolla sus disposiciones.<\/p>&#13;\n<p>FERRER Y SARET VIAJES, S.L. respeta su derecho a la intimidad y aplica toda la normativa vigente con objeto de proteger los datos personales de sus clientes y usuarios.<\/p>&#13;\n<p>Sus datos personales son tratados con la m\u00e1xima confidencialidad, habiendo adoptado FERRER Y SARET VIAJES, S.L., como Responsable del Tratamiento, las medidas de orden t\u00e9cnico y organizativo necesarias para garantizar la confidencialidad y seguridad de los datos personales, evitando su alteraci\u00f3n, p\u00e9rdida, tratamiento o acceso no autorizado.<\/p>&#13;\n<p>Para que Usted pueda recibir informaci\u00f3n y, en su caso, poder reservar o usar los productos y servicios que FERRER Y SARET VIAJES, S.L. ofrece a trav\u00e9s del\/de los sitio\/s de FERRER Y SARET VIAJES, S.L., es necesario que nos informe de ciertos datos personales necesarios para poder, as\u00ed, personalizarle nuestros servicios y ajustarlos a sus intereses y necesidades.<\/p>&#13;\n<p>Le recordamos que es deber del usuario hacernos saber cualquier cambio que se produzca en sus datos, a FERRER Y SARET VIAJES, S.L., y que hubiera registrado nuestros sitios, para proceder a su mantenimiento en los ficheros correspondientes.<\/p>&#13;\n<p>Para mejorar los servicios que le ofrecemos, es posible que al finalizar el servicio que le prestamos, reciba una encuesta de satisfacci\u00f3n. En ella se le pedir\u00e1 una valoraci\u00f3n de los servicios recibidos y un breve comentario sobre la experiencia vivida.<\/p>&#13;\n<p>Recopilamos su informaci\u00f3n personal por varios motivos:<\/p>&#13;\n<\/div>&#13;\n<ul>&#13;\n<li>Atender solicitudes de servicios<\/li>&#13;\n<li>Realizaci\u00f3n de los servicios<\/li>&#13;\n<li>Confecci\u00f3n de presupuestos<\/li>&#13;\n<li>Enviarle mensajes de estado de los servicios en curso<\/li>&#13;\n<li>Env\u00edo de promociones que consideramos interesantes para nuestros clientes<\/li>&#13;\n<li>Encuestas de calidad y de satisfacci\u00f3n para la mejora de los servicios que realiza FERRER Y SARET VIAJES, S.L.<\/li>&#13;\n<li>Cumplimentaci\u00f3n de la documentaci\u00f3n necesaria para el proceso de cualquier incidente\/asistencia cubierto por a su compa\u00f1\u00eda aseguradora<\/li>&#13;\n<\/ul>&#13;\n<div>&#13;\n<p>Adem\u00e1s, podemos recopilar informaci\u00f3n relacionada con su uso de nuestros sitios web a trav\u00e9s de diversas tecnolog\u00edas, como el uso de cookies.<\/p>&#13;\n<p>Podr\u00e1 revocar este consentimiento en cualquier momento, as\u00ed como ejercitar sus derechos de acceso, rectificaci\u00f3n, supresi\u00f3n, limitaci\u00f3n del tratamiento, olvido, portabilidad de datos y oposici\u00f3n por los medios indicados en el cap\u00edtulo \u201cEJERCICIO DE DERECHOS\u201d del presente documento.<\/p>&#13;\n<p>\u00a0<\/p>&#13;\n<\/div>&#13;\n<\/div>&#13;\n<div>&#13;\n<div class=\"min_tit\">&#13;\n<p><strong>MODOS DE RECOGIDA<\/strong><\/p>&#13;\n<\/div>&#13;\n<div>&#13;\n<p>FERRER Y SARET VIAJES, S.L. recoge datos personales a trav\u00e9s de varios canales: en el sitio web www.ferrerysaret.com, viajes.ferrerysaret.com, mice.ferrerysaret.com; en el centro de atenci\u00f3n telef\u00f3nica de FERRER Y SARET VIAJES, S.L.; en los mismos centros f\u00edsicos de FERRER Y SARET VIAJES, S.L., a la hora de solicitar un presupuesto o un servicio; en la p\u00e1gina de FERRER Y SARET VIAJES, S.L. en Facebook, Instagram, Linkedin, Twitter, YouTube, Pinterest, Google+.<\/p>&#13;\n<p>En todo caso y siempre que sea aplicable le daremos la opci\u00f3n de negarse a que usemos sus datos con fines de env\u00edos o comunicaciones publicitarias.<\/p>&#13;\n<\/div>&#13;\n<\/div>&#13;\n<div>&#13;\n<div class=\"min_tit\">&#13;\n<p>\u00a0<\/p>&#13;\n<p><strong>COMUNICACI\u00d3N A TERCEROS<\/strong><\/p>&#13;\n<\/div>&#13;\n<div>&#13;\n<p>Para la gesti\u00f3n y cumplimento del objeto del contrato, puede resultar necesario (y obligatorio para la prestaci\u00f3n del servicio), que sus datos (incluida informaci\u00f3n sobre alergias, intolerancias alimentarias, etc.), tengan que ser comunicados a proveedores tales como compa\u00f1\u00edas a\u00e9reas, navieras, hoteles y otros proveedores de servicios, los cuales estar\u00e1n obligados a utilizar los datos, \u00fanica y exclusivamente, para dar cumplimiento al objeto del contrato.<\/p>&#13;\n<p>Estos proveedores, dependiendo del pa\u00eds de destino de su viaje, podr\u00e1n estar ubicados en pa\u00edses para los que sea necesario realizar una transferencia internacional de dato incluyendo, si fuera el caso, aquellos que no ofrezcan un nivel de protecci\u00f3n equiparable a la exigida por la UE, consider\u00e1ndose por tanto una transferencia internacional de datos autorizada expresamente por el interesado.<\/p>&#13;\n<p>Del mismo modo y conforme a la Legislaci\u00f3n Federal de Estados Unidos de Am\u00e9rica, sus datos personales ser\u00e1n accesibles al Departamento de Aduanas de los Estados Unidos en caso de que contrate un vuelo que tenga origen, destino o escala en dicho pa\u00eds.<\/p>&#13;\n<p>Nos autoriza a la comunicaci\u00f3n de los datos como Nombre, NIF, Datos Bancarios, etc., a las Entidades Financieras con las que trabaja FERRER Y SARET VIAJES, S.L. a los solos efectos de gestionar las transferencias, cobros y pagos a que d\u00e9 lugar la relaci\u00f3n comercial y el uso de nuestros servicios.<\/p>&#13;\n<p>Por \u00faltimo, Usted nos autoriza a que podamos enviar la informaci\u00f3n necesaria para el proceso de cualquier incidente\/asistencia cubierto por a su compa\u00f1\u00eda aseguradora y que \u00e9sta pueda requerir.<\/p>&#13;\n<\/div>&#13;\n<\/div>&#13;\n<div>&#13;\n<div class=\"min_tit\">&#13;\n<p>\u00a0<\/p>&#13;\n<p><strong>TRATAMIENTOS Y USOS<\/strong><\/p>&#13;\n<\/div>&#13;\n<p><b>Realizaci\u00f3n y gesti\u00f3n del servicio contratado y facturaci\u00f3n<\/b><\/p>&#13;\n<p>Sin los datos solicitados no ser\u00e1 posible la realizaci\u00f3n del servicio.<\/p>&#13;\n<p>Los datos personales, as\u00ed como los relativos al servicio ser\u00e1n conservados en nuestros ficheros durante el tiempo necesario para poder hacer efectiva la garant\u00eda del servicio prestado (5 a\u00f1os).<\/p>&#13;\n<p>Los datos relativos a la facturaci\u00f3n del servicio ser\u00e1n conservados en nuestros ficheros durante el tiempo necesario para cumplir con las obligaciones legales y fiscales aplicables a los servicios realizados por FERRER Y SARET VIAJES, S.L. (5 a\u00f1os + el a\u00f1o en curso).<\/p>&#13;\n<p>Sobre este tratamiento de datos, Usted podr\u00e1, en caso de que lo considere necesario, ejercer los siguientes derechos:<\/p>&#13;\n<ul>&#13;\n<li>De acceso para conocer qu\u00e9 datos conservamos y tratamos.<\/li>&#13;\n<li>De rectificaci\u00f3n en el caso que considere que los datos no son correctos o bien porque han cambiado (por ejemplo, sus datos de contacto).<\/li>&#13;\n<\/ul>&#13;\n<p><b>Tratamiento de consultas<\/b><\/p>&#13;\n<p>Los datos personales, de contacto, im\u00e1genes ser\u00e1n conservados en nuestros ficheros durante el tiempo necesario para poder realizar la gesti\u00f3n solicitada.<\/p>&#13;\n<p>Sobre este tratamiento de datos, Usted podr\u00e1, en caso de que lo considere necesario, ejercer los siguientes derechos:<\/p>&#13;\n<ul>&#13;\n<li>De acceso para conocer qu\u00e9 datos conservamos y tratamos.<\/li>&#13;\n<li>De oposici\u00f3n y limitaci\u00f3n, para que los datos personales no sean tratados -desde que se tramite su solicitud- para la finalidad del servicio de informaci\u00f3n.<\/li>&#13;\n<li>De rectificaci\u00f3n en el caso que considere que los datos no son correctos o bien porque han cambiado (por ejemplo, sus datos de contacto).<\/li>&#13;\n<li>De borrado o supresi\u00f3n en caso de que nos retire su consentimiento para este tratamiento.<\/li>&#13;\n<\/ul>&#13;\n<p><b>Servicio de Calidad<\/b><\/p>&#13;\n<p>Para cumplir con nuestros compromisos de calidad con el cliente, puntualmente realizamos una encuesta destinada a conocer la satisfacci\u00f3n con los trabajos realizados a nuestros clientes y usuarios para, as\u00ed, poder mejorar nuestros servicios.<\/p>&#13;\n<p>Estas encuestas se efect\u00faan por medios electr\u00f3nicos (se recibe un e-mail con enlace a la web donde se realiza la encuesta) y en ellas no se recoge ning\u00fan dato personal adicional a los que Usted nos haya proporcionado previamente.<\/p>&#13;\n<p>En cualquier caso, los datos personales de contacto recopilados con el fin de enviarle la encuesta de calidad \u00fanicamente ser\u00e1n utilizados si usted nos otorga su consentimiento expl\u00edcito.<\/p>&#13;\n<p>Los datos personales referentes a este tratamiento ser\u00e1n conservados para ello durante 3 meses.<\/p>&#13;\n<p>Sobre este tratamiento de datos Usted podr\u00e1, en caso de que lo considere necesario, ejercer los siguientes derechos.<\/p>&#13;\n<ul>&#13;\n<li>De oposici\u00f3n y limitaci\u00f3n, para que los datos personales no sean tratados -desde que se tramite su solicitud- para la finalidad del servicio de informaci\u00f3n.<\/li>&#13;\n<li>De rectificaci\u00f3n en el caso que considere que los datos no son correctos o bien porque han cambiado (por ejemplo, sus datos de contacto).<\/li>&#13;\n<\/ul>&#13;\n<p><b>Informaci\u00f3n sobre los servicios de FERRER Y SARET VIAJES, S.L.<\/b><\/p>&#13;\n<p>Para mantenerle informado sobre los servicios de prestados por FERRER Y SARET VIAJES, S.L. y de las promociones puntuales, precisamos tratar sus datos de contacto.<\/p>&#13;\n<p>Por otra parte, en cada comunicaci\u00f3n enviada se le ofrecer\u00e1 la oportunidad de darse de baja de las mismas; adicionalmente usted puede ejercer los derechos indicados a continuaci\u00f3n en cualquier momento.<\/p>&#13;\n<p>Sobre este tratamiento de datos Usted podr\u00e1, en caso de que lo considere necesario, ejercer los siguientes derechos:<\/p>&#13;\n<ul>&#13;\n<li>De oposici\u00f3n y limitaci\u00f3n, para que los datos personales no sean tratados -desde que se tramite su solicitud- para la finalidad del servicio de informaci\u00f3n.<\/li>&#13;\n<li>De rectificaci\u00f3n en el caso que considere que los datos no son correctos o bien porque han cambiado (por ejemplo, sus datos de contacto).<\/li>&#13;\n<li>De borrado o supresi\u00f3n en caso de que nos retire su consentimiento para este tratamiento.<\/li>&#13;\n<\/ul>&#13;\n<p><b>Elaboraci\u00f3n de presupuestos<\/b><\/p>&#13;\n<p>Los datos que Usted nos proporcione, para la elaboraci\u00f3n del presupuesto, se mantendr\u00e1n en nuestros ficheros hasta que Usted nos informe de la declinaci\u00f3n de su ejecuci\u00f3n o hasta pasados 2 a\u00f1os, una vez transcurrido este plazo ser\u00e1n borrados. En otro caso pasar\u00e1n a formar parte del tratamiento de Realizaci\u00f3n del Servicio.<\/p>&#13;\n<p>Sobre este tratamiento de datos Usted podr\u00e1, en caso de que lo considere necesario, ejercer los siguientes derechos:<\/p>&#13;\n<ul>&#13;\n<li>De acceso para conocer qu\u00e9 datos conservamos y tratamos.<\/li>&#13;\n<li>De rectificaci\u00f3n en el caso que considere que los datos no son correctos o bien porque han cambiado (por ejemplo, sus datos de contacto).<\/li>&#13;\n<li>De borrado en el caso de que desestime definitivamente la actuaci\u00f3n presupuestada por FERRER Y SARET VIAJES, S.L..<\/li>&#13;\n<\/ul>&#13;\n<p><b>Estudio de candidaturas de empleo<\/b><\/p>&#13;\n<p>Los datos que Usted nos proporcione, para participar en nuestros procesos de selecci\u00f3n de personal, en caso de ser Usted seleccionado para la siguiente fase, le comunicaremos tal decisi\u00f3n. Los datos por Usted proporcionados se conservar\u00e1n durante un tiempo m\u00e1ximo de 1 a\u00f1o pasado el cual ser\u00e1n eliminados.<\/p>&#13;\n<p>Sobre este tratamiento de datos Usted podr\u00e1, en caso de que lo considere necesario, ejercer los siguientes derechos:<\/p>&#13;\n<ul>&#13;\n<li>De acceso para conocer qu\u00e9 datos conservamos y tratamos.<\/li>&#13;\n<li>De rectificaci\u00f3n en el caso que considere que los datos no son correctos o bien porque han cambiado (por ejemplo, sus datos de contacto).<\/li>&#13;\n<li>De borrado o supresi\u00f3n en caso de que nos retire su consentimiento para este tratamiento.<\/li>&#13;\n<\/ul>&#13;\n<p><b>Servicio reCAPTCHA<\/b><\/p>&#13;\n<p>La direcci\u00f3n IP de navegaci\u00f3n ser\u00e1 enviada a Google como parte del sistema para poder discernir un humano de un sistema de relleno y env\u00edo de formularios automatizado.<\/p>&#13;\n<p>Consulte todos los detalles acerca de la\u00a0<a href=\"https:\/\/policies.google.com\/privacy?hl=es\" target=\"_blank\" rel=\"noopener\">pol\u00edtica de privacidad de Google<\/a>.<\/p>&#13;\n<p>\u00a0<\/p>&#13;\n<\/div>&#13;\n<div>&#13;\n<div>&#13;\n<div class=\"min_tit\">&#13;\n<p><strong>RECAPTCHA<\/strong><\/p>&#13;\n<\/div>&#13;\n<p>Utilizamos el servicio reCAPTCHA de Google Inc. (Google) para proteger los datos enviados a trav\u00e9s de los formularios de las p\u00e1ginas de nuestros usuarios. Este servicio permite diferenciar los datos enviados por personas de los mensajes automatizados y supone la transmisi\u00f3n de la direcci\u00f3n IP y otros datos requeridos por Google para el uso del servicio reCAPTCHA. Con tal finalidad, los datos ser\u00e1n transmitidos a Google para poder ser utilizados. La direcci\u00f3n IP ser\u00e1 encriptada por Google en los estados miembros de la Uni\u00f3n Europea as\u00ed como en los estados asociados al espacio econ\u00f3mico europeo. Solo en algunos casos excepcionales, las direcciones IP ser\u00e1n transmitidas al servidor de Google en los Estados Unidos para su encriptaci\u00f3n. En nombre del propietario de este sitio web, Google va a utilizar estas informaciones para evaluar el uso del servicio por parte de los usuarios. La direcci\u00f3n IP transmitida por reCAPTCHA se mantendr\u00e1 separada de otros datos de Google. Para estos datos es v\u00e1lida la pol\u00edtica de privacidad de Google. Todos los detalles acerca de la pol\u00edtica de privacidad de Google se pueden leer en la p\u00e1gina\u00a0<a href=\"https:\/\/policies.google.com\/privacy?hl=es\" target=\"_blank\" rel=\"noopener\">https:\/\/policies.google.com\/privacy?hl=es<\/a>.<\/p>&#13;\n<p>Al utilizar el servicio reCAPTCHA, el usuario consiente el tratamiento de los datos sobre \u00e9l de los que Google dispone en la forma y prop\u00f3sitos arriba establecidos.<\/p>&#13;\n<\/div>&#13;\n<div>&#13;\n<div class=\"min_tit\">&#13;\n<p>\u00a0<\/p>&#13;\n<p><strong>EJERCICIO DE DERECHOS<\/strong><\/p>&#13;\n<\/div>&#13;\n<p>Usted puede dirigir las comunicaciones escritas para el ejercicio de sus derechos a:<\/p>&#13;\n<p>FERRER Y SARET VIAJES, S.L. B-08749780 inscrita en el Registro Mercantil de Barcelona, en la Hoja 53877 Folio III Tomo 4825 Libro 4145 Secci\u00f3n II Inscripci\u00f3n 1\u00aa. remitiendo sus solicitudes a la siguiente direcci\u00f3n:<\/p>&#13;\n<p>FERRER Y SARET VIAJES, S.L. Par\u00eds, 207, 08008, Barcelona Tambi\u00e9n puede dirigir sus comunicaciones a trav\u00e9s de los siguientes canales:<\/p>&#13;\n<ul>&#13;\n<li>&#13;\n<p>Presencialmente, en nuestras oficinas<\/p>&#13;\n<\/li>&#13;\n<li>&#13;\n<p>Por correo electr\u00f3nico a la direcci\u00f3n welcome@ferrerysaret.es<\/p>&#13;\n<\/li>&#13;\n<li>&#13;\n<p>Contactando al tel\u00e9fono +34 932 178 300 donde estamos a su disposici\u00f3n para atenderle<\/p>&#13;\n<\/li>&#13;\n<\/ul>&#13;\n<p>En todo caso puede obtener informaci\u00f3n general sobre la privacidad y la Protecci\u00f3n de Datos Personales en el siguiente enlace:\u00a0<a href=\"https:\/\/ferrerysaret.com\/www.agpd.es\" target=\"_blank\" rel=\"noopener\">www.agpd.es<\/a><\/p>&#13;\n<\/div>&#13;\n<\/div>&#13;\n<\/div>&#13;\n<\/div>&#13;\n<p><\/p><\/p>\r\n<\/div>\r\n<\/div>\r\n","protected":false},"excerpt":{"rendered":"<p>&#13; Pol\u00edtica de privacidad &#13; \u00a0 &#13; IMPORTANTE:\u00a0le invitamos a que lea detenidamente esta Declaraci\u00f3n de Privacidad para conocer por qu\u00e9 recopilamos sus datos personales y c\u00f3mo son procesados dichos&#8230;<\/p>\n","protected":false},"author":1,"featured_media":0,"parent":0,"menu_order":0,"comment_status":"closed","ping_status":"open","template":"","meta":{"_acf_changed":false,"footnotes":""},"class_list":["post-9193","page","type-page","status-publish"],"acf":[],"yoast_head":"<!-- This site is optimized with the Yoast SEO plugin v27.3 - https:\/\/yoast.com\/product\/yoast-seo-wordpress\/ -->\n<title>Pol\u00edtica de Privacidad | Ferrer &amp; Saret | Web Oficial<\/title>\n<meta name=\"description\" content=\"Desde Ferrer &amp; Saret estamos comprometidos a proteger sus datos y su privacidad. Para m\u00e1s informaci\u00f3n sobre la gesti\u00f3n de los datos visite esta secci\u00f3n.\" \/>\n<meta name=\"robots\" content=\"index, follow, max-snippet:-1, max-image-preview:large, max-video-preview:-1\" \/>\n<link rel=\"canonical\" href=\"https:\/\/ferrerysaret.com\/en\/privacy-policy\/\" \/>\n<meta property=\"og:locale\" content=\"en_US\" \/>\n<meta property=\"og:type\" content=\"article\" \/>\n<meta property=\"og:title\" content=\"Pol\u00edtica de Privacidad | Ferrer &amp; Saret | Web Oficial\" \/>\n<meta property=\"og:description\" content=\"Desde Ferrer &amp; Saret estamos comprometidos a proteger sus datos y su privacidad. Para m\u00e1s informaci\u00f3n sobre la gesti\u00f3n de los datos visite esta secci\u00f3n.\" \/>\n<meta property=\"og:url\" content=\"https:\/\/ferrerysaret.com\/en\/privacy-policy\/\" \/>\n<meta property=\"og:site_name\" content=\"Ferrer y Saret\" \/>\n<meta property=\"article:modified_time\" content=\"2025-10-09T14:42:39+00:00\" \/>\n<meta property=\"og:image\" content=\"https:\/\/ferrerysaret.com\/wp-content\/uploads\/2023\/11\/Alula-Ferrer-y-Saret.jpg\" \/>\n\t<meta property=\"og:image:width\" content=\"1920\" \/>\n\t<meta property=\"og:image:height\" content=\"1080\" \/>\n\t<meta property=\"og:image:type\" content=\"image\/jpeg\" \/>\n<meta name=\"twitter:card\" content=\"summary_large_image\" \/>\n<meta name=\"twitter:label1\" content=\"Est. reading time\" \/>\n\t<meta name=\"twitter:data1\" content=\"12 minutes\" \/>\n<script type=\"application\/ld+json\" class=\"yoast-schema-graph\">{\"@context\":\"https:\\\/\\\/schema.org\",\"@graph\":[{\"@type\":\"WebPage\",\"@id\":\"https:\\\/\\\/ferrerysaret.com\\\/en\\\/privacy-policy\\\/\",\"url\":\"https:\\\/\\\/ferrerysaret.com\\\/en\\\/privacy-policy\\\/\",\"name\":\"Pol\u00edtica de Privacidad | Ferrer & Saret | Web Oficial\",\"isPartOf\":{\"@id\":\"https:\\\/\\\/ferrerysaret.com\\\/en\\\/#website\"},\"datePublished\":\"2022-01-10T16:53:32+00:00\",\"dateModified\":\"2025-10-09T14:42:39+00:00\",\"description\":\"Desde Ferrer & Saret estamos comprometidos a proteger sus datos y su privacidad. Para m\u00e1s informaci\u00f3n sobre la gesti\u00f3n de los datos visite esta secci\u00f3n.\",\"breadcrumb\":{\"@id\":\"https:\\\/\\\/ferrerysaret.com\\\/en\\\/privacy-policy\\\/#breadcrumb\"},\"inLanguage\":\"en-US\",\"potentialAction\":[{\"@type\":\"ReadAction\",\"target\":[\"https:\\\/\\\/ferrerysaret.com\\\/en\\\/privacy-policy\\\/\"]}]},{\"@type\":\"BreadcrumbList\",\"@id\":\"https:\\\/\\\/ferrerysaret.com\\\/en\\\/privacy-policy\\\/#breadcrumb\",\"itemListElement\":[{\"@type\":\"ListItem\",\"position\":1,\"name\":\"Portada\",\"item\":\"https:\\\/\\\/ferrerysaret.com\\\/en\\\/\"},{\"@type\":\"ListItem\",\"position\":2,\"name\":\"Privacy policy\"}]},{\"@type\":\"WebSite\",\"@id\":\"https:\\\/\\\/ferrerysaret.com\\\/en\\\/#website\",\"url\":\"https:\\\/\\\/ferrerysaret.com\\\/en\\\/\",\"name\":\"Ferrer y Saret\",\"description\":\"The art of travel\",\"publisher\":{\"@id\":\"https:\\\/\\\/ferrerysaret.com\\\/en\\\/#organization\"},\"potentialAction\":[{\"@type\":\"SearchAction\",\"target\":{\"@type\":\"EntryPoint\",\"urlTemplate\":\"https:\\\/\\\/ferrerysaret.com\\\/en\\\/?s={search_term_string}\"},\"query-input\":{\"@type\":\"PropertyValueSpecification\",\"valueRequired\":true,\"valueName\":\"search_term_string\"}}],\"inLanguage\":\"en-US\"},{\"@type\":\"Organization\",\"@id\":\"https:\\\/\\\/ferrerysaret.com\\\/en\\\/#organization\",\"name\":\"Ferrer y Saret\",\"url\":\"https:\\\/\\\/ferrerysaret.com\\\/en\\\/\",\"logo\":{\"@type\":\"ImageObject\",\"inLanguage\":\"en-US\",\"@id\":\"https:\\\/\\\/ferrerysaret.com\\\/en\\\/#\\\/schema\\\/logo\\\/image\\\/\",\"url\":\"https:\\\/\\\/ferrerysaret.com\\\/wp-content\\\/uploads\\\/2023\\\/11\\\/cropped-Captura-de-Pantalla-2023-11-02-a-las-11.00.54.png\",\"contentUrl\":\"https:\\\/\\\/ferrerysaret.com\\\/wp-content\\\/uploads\\\/2023\\\/11\\\/cropped-Captura-de-Pantalla-2023-11-02-a-las-11.00.54.png\",\"width\":512,\"height\":512,\"caption\":\"Ferrer y Saret\"},\"image\":{\"@id\":\"https:\\\/\\\/ferrerysaret.com\\\/en\\\/#\\\/schema\\\/logo\\\/image\\\/\"}}]}<\/script>\n<!-- \/ Yoast SEO plugin. -->","yoast_head_json":{"title":"Pol\u00edtica de Privacidad | Ferrer & Saret | Web Oficial","description":"Desde Ferrer & Saret estamos comprometidos a proteger sus datos y su privacidad. Para m\u00e1s informaci\u00f3n sobre la gesti\u00f3n de los datos visite esta secci\u00f3n.","robots":{"index":"index","follow":"follow","max-snippet":"max-snippet:-1","max-image-preview":"max-image-preview:large","max-video-preview":"max-video-preview:-1"},"canonical":"https:\/\/ferrerysaret.com\/en\/privacy-policy\/","og_locale":"en_US","og_type":"article","og_title":"Pol\u00edtica de Privacidad | Ferrer & Saret | Web Oficial","og_description":"Desde Ferrer & Saret estamos comprometidos a proteger sus datos y su privacidad. Para m\u00e1s informaci\u00f3n sobre la gesti\u00f3n de los datos visite esta secci\u00f3n.","og_url":"https:\/\/ferrerysaret.com\/en\/privacy-policy\/","og_site_name":"Ferrer y Saret","article_modified_time":"2025-10-09T14:42:39+00:00","og_image":[{"width":1920,"height":1080,"url":"https:\/\/ferrerysaret.com\/wp-content\/uploads\/2023\/11\/Alula-Ferrer-y-Saret.jpg","type":"image\/jpeg"}],"twitter_card":"summary_large_image","twitter_misc":{"Est. reading time":"12 minutes"},"schema":{"@context":"https:\/\/schema.org","@graph":[{"@type":"WebPage","@id":"https:\/\/ferrerysaret.com\/en\/privacy-policy\/","url":"https:\/\/ferrerysaret.com\/en\/privacy-policy\/","name":"Pol\u00edtica de Privacidad | Ferrer & Saret | Web Oficial","isPartOf":{"@id":"https:\/\/ferrerysaret.com\/en\/#website"},"datePublished":"2022-01-10T16:53:32+00:00","dateModified":"2025-10-09T14:42:39+00:00","description":"Desde Ferrer & Saret estamos comprometidos a proteger sus datos y su privacidad. Para m\u00e1s informaci\u00f3n sobre la gesti\u00f3n de los datos visite esta secci\u00f3n.","breadcrumb":{"@id":"https:\/\/ferrerysaret.com\/en\/privacy-policy\/#breadcrumb"},"inLanguage":"en-US","potentialAction":[{"@type":"ReadAction","target":["https:\/\/ferrerysaret.com\/en\/privacy-policy\/"]}]},{"@type":"BreadcrumbList","@id":"https:\/\/ferrerysaret.com\/en\/privacy-policy\/#breadcrumb","itemListElement":[{"@type":"ListItem","position":1,"name":"Portada","item":"https:\/\/ferrerysaret.com\/en\/"},{"@type":"ListItem","position":2,"name":"Privacy policy"}]},{"@type":"WebSite","@id":"https:\/\/ferrerysaret.com\/en\/#website","url":"https:\/\/ferrerysaret.com\/en\/","name":"Ferrer y Saret","description":"The art of travel","publisher":{"@id":"https:\/\/ferrerysaret.com\/en\/#organization"},"potentialAction":[{"@type":"SearchAction","target":{"@type":"EntryPoint","urlTemplate":"https:\/\/ferrerysaret.com\/en\/?s={search_term_string}"},"query-input":{"@type":"PropertyValueSpecification","valueRequired":true,"valueName":"search_term_string"}}],"inLanguage":"en-US"},{"@type":"Organization","@id":"https:\/\/ferrerysaret.com\/en\/#organization","name":"Ferrer y Saret","url":"https:\/\/ferrerysaret.com\/en\/","logo":{"@type":"ImageObject","inLanguage":"en-US","@id":"https:\/\/ferrerysaret.com\/en\/#\/schema\/logo\/image\/","url":"https:\/\/ferrerysaret.com\/wp-content\/uploads\/2023\/11\/cropped-Captura-de-Pantalla-2023-11-02-a-las-11.00.54.png","contentUrl":"https:\/\/ferrerysaret.com\/wp-content\/uploads\/2023\/11\/cropped-Captura-de-Pantalla-2023-11-02-a-las-11.00.54.png","width":512,"height":512,"caption":"Ferrer y Saret"},"image":{"@id":"https:\/\/ferrerysaret.com\/en\/#\/schema\/logo\/image\/"}}]}},"_links":{"self":[{"href":"https:\/\/ferrerysaret.com\/en\/wp-json\/wp\/v2\/pages\/9193","targetHints":{"allow":["GET"]}}],"collection":[{"href":"https:\/\/ferrerysaret.com\/en\/wp-json\/wp\/v2\/pages"}],"about":[{"href":"https:\/\/ferrerysaret.com\/en\/wp-json\/wp\/v2\/types\/page"}],"author":[{"embeddable":true,"href":"https:\/\/ferrerysaret.com\/en\/wp-json\/wp\/v2\/users\/1"}],"replies":[{"embeddable":true,"href":"https:\/\/ferrerysaret.com\/en\/wp-json\/wp\/v2\/comments?post=9193"}],"version-history":[{"count":1,"href":"https:\/\/ferrerysaret.com\/en\/wp-json\/wp\/v2\/pages\/9193\/revisions"}],"predecessor-version":[{"id":9194,"href":"https:\/\/ferrerysaret.com\/en\/wp-json\/wp\/v2\/pages\/9193\/revisions\/9194"}],"wp:attachment":[{"href":"https:\/\/ferrerysaret.com\/en\/wp-json\/wp\/v2\/media?parent=9193"}],"curies":[{"name":"wp","href":"https:\/\/api.w.org\/{rel}","templated":true}]}}